{"id":2180,"date":"2019-09-08T05:52:40","date_gmt":"2019-09-08T03:52:40","guid":{"rendered":"http:\/\/demo.themewinter.com\/wp\/instive\/?page_id=2180"},"modified":"2024-02-04T23:51:53","modified_gmt":"2024-02-04T22:51:53","slug":"o-nas","status":"publish","type":"page","link":"https:\/\/www.hsizol.sk\/de\/o-nas\/","title":{"rendered":"O n\u00e1s"},"content":{"rendered":"<div data-elementor-type=\"wp-page\" data-elementor-id=\"2180\" class=\"elementor elementor-2180\" data-elementor-post-type=\"page\">\n\t\t\t\t<div class=\"elementor-element elementor-element-f92b9c8 e-flex e-con-boxed e-con e-parent\" data-id=\"f92b9c8\" data-element_type=\"container\" data-e-type=\"container\" data-settings=\"{&quot;background_background&quot;:&quot;classic&quot;}\">\n\t\t\t\t\t<div class=\"e-con-inner\">\n\t\t<div class=\"elementor-element elementor-element-417665a e-con-full e-flex e-con e-child\" data-id=\"417665a\" data-element_type=\"container\" data-e-type=\"container\" data-settings=\"{&quot;background_background&quot;:&quot;classic&quot;}\">\n\t\t\t\t<div class=\"elementor-element elementor-element-6dd067a border-image elementor-invisible elementor-widget elementor-widget-image\" data-id=\"6dd067a\" data-element_type=\"widget\" data-e-type=\"widget\" data-settings=\"{&quot;_animation&quot;:&quot;fadeInUp&quot;,&quot;_animation_delay&quot;:450}\" data-widget_type=\"image.default\">\n\t\t\t\t<div class=\"elementor-widget-container\">\n\t\t\t\t\t\t\t\t\t\t\t\t\t\t\t<img fetchpriority=\"high\" decoding=\"async\" width=\"800\" height=\"694\" src=\"https:\/\/www.hsizol.sk\/wp-content\/uploads\/2023\/01\/obrazok_2023-01-07_000103857-e1673046119980-1024x888.png\" class=\"attachment-large size-large wp-image-6990\" alt=\"\" srcset=\"https:\/\/www.hsizol.sk\/wp-content\/uploads\/2023\/01\/obrazok_2023-01-07_000103857-e1673046119980-1024x888.png 1024w, https:\/\/www.hsizol.sk\/wp-content\/uploads\/2023\/01\/obrazok_2023-01-07_000103857-e1673046119980-300x260.png 300w, https:\/\/www.hsizol.sk\/wp-content\/uploads\/2023\/01\/obrazok_2023-01-07_000103857-e1673046119980-768x666.png 768w, https:\/\/www.hsizol.sk\/wp-content\/uploads\/2023\/01\/obrazok_2023-01-07_000103857-e1673046119980-1536x1332.png 1536w, https:\/\/www.hsizol.sk\/wp-content\/uploads\/2023\/01\/obrazok_2023-01-07_000103857-e1673046119980.png 1920w\" sizes=\"(max-width: 800px) 100vw, 800px\" \/>\t\t\t\t\t\t\t\t\t\t\t\t\t\t\t<\/div>\n\t\t\t\t<\/div>\n\t\t\t\t<\/div>\n\t\t<div class=\"elementor-element elementor-element-f1f4cfb e-con-full e-flex elementor-invisible e-con e-child\" data-id=\"f1f4cfb\" data-element_type=\"container\" data-e-type=\"container\" data-settings=\"{&quot;animation&quot;:&quot;fadeInUp&quot;,&quot;animation_delay&quot;:550}\">\n\t\t\t\t<div class=\"elementor-element elementor-element-282ca96 elementor-widget elementor-widget-heading\" data-id=\"282ca96\" data-element_type=\"widget\" data-e-type=\"widget\" data-widget_type=\"heading.default\">\n\t\t\t\t<div class=\"elementor-widget-container\">\n\t\t\t\t\t<h2 class=\"elementor-heading-title elementor-size-default\">O N\u00c1S<\/h2>\t\t\t\t<\/div>\n\t\t\t\t<\/div>\n\t\t\t\t<div class=\"elementor-element elementor-element-9781469 elementor-widget elementor-widget-text-editor\" data-id=\"9781469\" data-element_type=\"widget\" data-e-type=\"widget\" data-widget_type=\"text-editor.default\">\n\t\t\t\t<div class=\"elementor-widget-container\">\n\t\t\t\t\t\t\t\t\t<p>Hlavnou \u010dinnos\u0165ou spolo\u010dnosti HS Izol s.r.o. s\u00fa tepeln\u00e9 a chladov\u00e9 izol\u00e1cie technologick\u00fdch zariaden\u00ed a stavieb.<\/p><p>Najv\u00e4\u010d\u0161\u00ed d\u00f4raz kladieme na kvalitu vykon\u00e1van\u00fdch pr\u00e1c, spokojnos\u0165 na\u0161ich z\u00e1kazn\u00edkov a dodr\u017eiavanie term\u00ednov.<\/p>\t\t\t\t\t\t\t\t<\/div>\n\t\t\t\t<\/div>\n\t\t\t\t<\/div>\n\t\t\t\t\t<\/div>\n\t\t\t\t<\/div>\n\t\t\t\t<section class=\"elementor-section elementor-top-section elementor-element elementor-element-c96fd32 cta elementor-section-boxed elementor-section-height-default elementor-section-height-default\" data-id=\"c96fd32\" data-element_type=\"section\" data-e-type=\"section\">\n\t\t\t\t\t\t<div class=\"elementor-container elementor-column-gap-default\">\n\t\t\t\t\t<div class=\"elementor-column elementor-col-100 elementor-top-column elementor-element elementor-element-882a1f7\" data-id=\"882a1f7\" data-element_type=\"column\" data-e-type=\"column\" data-settings=\"{&quot;background_background&quot;:&quot;classic&quot;}\">\n\t\t\t<div class=\"elementor-widget-wrap elementor-element-populated\">\n\t\t\t\t\t<div class=\"elementor-background-overlay\"><\/div>\n\t\t\t\t\t\t<section class=\"elementor-section elementor-inner-section elementor-element elementor-element-e0c2b94 elementor-section-boxed elementor-section-height-default elementor-section-height-default\" data-id=\"e0c2b94\" data-element_type=\"section\" data-e-type=\"section\">\n\t\t\t\t\t\t<div class=\"elementor-container elementor-column-gap-default\">\n\t\t\t\t\t<div class=\"elementor-column elementor-col-50 elementor-inner-column elementor-element elementor-element-061ad4d\" data-id=\"061ad4d\" data-element_type=\"column\" data-e-type=\"column\">\n\t\t\t<div class=\"elementor-widget-wrap elementor-element-populated\">\n\t\t\t\t\t\t<div class=\"elementor-element elementor-element-213d6b8 elementor-widget elementor-widget-text-editor\" data-id=\"213d6b8\" data-element_type=\"widget\" data-e-type=\"widget\" data-widget_type=\"text-editor.default\">\n\t\t\t\t<div class=\"elementor-widget-container\">\n\t\t\t\t\t\t\t\t\t<p><span style=\"color: #ffffff;\">Ak\u00e9 pr\u00e1ce vykon\u00e1vame? Spoznajte na\u0161u spolo\u010dnos\u0165 bli\u017e\u0161ie.<\/span><\/p>\t\t\t\t\t\t\t\t<\/div>\n\t\t\t\t<\/div>\n\t\t\t\t\t<\/div>\n\t\t<\/div>\n\t\t\t\t<div class=\"elementor-column elementor-col-50 elementor-inner-column elementor-element elementor-element-224f000\" data-id=\"224f000\" data-element_type=\"column\" data-e-type=\"column\">\n\t\t\t<div class=\"elementor-widget-wrap elementor-element-populated\">\n\t\t\t\t\t\t<div class=\"elementor-element elementor-element-f1a561d elementor-align-left elementor-widget elementor-widget-button\" data-id=\"f1a561d\" data-element_type=\"widget\" data-e-type=\"widget\" data-widget_type=\"button.default\">\n\t\t\t\t<div class=\"elementor-widget-container\">\n\t\t\t\t\t\t\t\t\t<div class=\"elementor-button-wrapper\">\n\t\t\t\t\t<a class=\"elementor-button elementor-button-link elementor-size-sm\" href=\"\/de\/ponuka-sluzieb\/\">\n\t\t\t\t\t\t<span class=\"elementor-button-content-wrapper\">\n\t\t\t\t\t\t<span class=\"elementor-button-icon\">\n\t\t\t\t<i aria-hidden=\"true\" class=\"fas fa-arrow-right\"><\/i>\t\t\t<\/span>\n\t\t\t\t\t\t\t\t\t<span class=\"elementor-button-text\">Zobrazi\u0165 PONUKU SLU\u017eIEB<\/span>\n\t\t\t\t\t<\/span>\n\t\t\t\t\t<\/a>\n\t\t\t\t<\/div>\n\t\t\t\t\t\t\t\t<\/div>\n\t\t\t\t<\/div>\n\t\t\t\t\t<\/div>\n\t\t<\/div>\n\t\t\t\t\t<\/div>\n\t\t<\/section>\n\t\t\t\t\t<\/div>\n\t\t<\/div>\n\t\t\t\t\t<\/div>\n\t\t<\/section>\n\t\t\t\t<\/div>","protected":false},"excerpt":{"rendered":"<p>O N\u00c1S Hlavnou \u010dinnos\u0165ou spolo\u010dnosti HS Izol s.r.o. s\u00fa tepeln\u00e9 a chladov\u00e9 izol\u00e1cie technologick\u00fdch zariaden\u00ed a stavieb. Najv\u00e4\u010d\u0161\u00ed d\u00f4raz kladieme na kvalitu vykon\u00e1van\u00fdch pr\u00e1c, spokojnos\u0165 na\u0161ich z\u00e1kazn\u00edkov a dodr\u017eiavanie term\u00ednov. Ak\u00e9 pr\u00e1ce vykon\u00e1vame? Spoznajte na\u0161u spolo\u010dnos\u0165 bli\u017e\u0161ie. Zobrazi\u0165 PONUKU SLU\u017eIEB<\/p>","protected":false},"author":1,"featured_media":0,"parent":0,"menu_order":0,"comment_status":"closed","ping_status":"closed","template":"template\/full-width-template.php","meta":{"footnotes":""},"class_list":["post-2180","page","type-page","status-publish","hentry"],"yoast_head":"<!-- This site is optimized with the Yoast SEO Premium plugin v18.8 (Yoast SEO v27.4) - https:\/\/yoast.com\/product\/yoast-seo-premium-wordpress\/ -->\n<title>O n\u00e1s &#8226; HS Izol<\/title>\n<meta name=\"robots\" content=\"index, follow, max-snippet:-1, max-image-preview:large, max-video-preview:-1\" \/>\n<link rel=\"canonical\" href=\"https:\/\/www.hsizol.sk\/de\/o-nas\/\" \/>\n<meta property=\"og:locale\" content=\"de_DE\" \/>\n<meta property=\"og:type\" content=\"article\" \/>\n<meta property=\"og:title\" content=\"O n\u00e1s\" \/>\n<meta property=\"og:description\" content=\"O N\u00c1S Hlavnou \u010dinnos\u0165ou spolo\u010dnosti HS Izol s.r.o. s\u00fa tepeln\u00e9 a chladov\u00e9 izol\u00e1cie technologick\u00fdch zariaden\u00ed a stavieb. Najv\u00e4\u010d\u0161\u00ed d\u00f4raz kladieme na kvalitu vykon\u00e1van\u00fdch pr\u00e1c, spokojnos\u0165 na\u0161ich z\u00e1kazn\u00edkov a dodr\u017eiavanie term\u00ednov. Ak\u00e9 pr\u00e1ce vykon\u00e1vame? Spoznajte na\u0161u spolo\u010dnos\u0165 bli\u017e\u0161ie. Zobrazi\u0165 PONUKU SLU\u017eIEB\" \/>\n<meta property=\"og:url\" content=\"https:\/\/www.hsizol.sk\/de\/o-nas\/\" \/>\n<meta property=\"og:site_name\" content=\"HS Izol\" \/>\n<meta property=\"article:modified_time\" content=\"2024-02-04T22:51:53+00:00\" \/>\n<meta property=\"og:image\" content=\"https:\/\/www.hsizol.sk\/wp-content\/uploads\/2023\/01\/obrazok_2023-01-07_000103857-e1673046119980-1024x888.png\" \/>\n<meta name=\"twitter:card\" content=\"summary_large_image\" \/>\n<meta name=\"twitter:label1\" content=\"Gesch\u00e4tzte Lesezeit\" \/>\n\t<meta name=\"twitter:data1\" content=\"1\u00a0Minute\" \/>\n<script type=\"application\/ld+json\" class=\"yoast-schema-graph\">{\"@context\":\"https:\\\/\\\/schema.org\",\"@graph\":[{\"@type\":\"WebPage\",\"@id\":\"https:\\\/\\\/www.hsizol.sk\\\/o-nas\\\/\",\"url\":\"https:\\\/\\\/www.hsizol.sk\\\/o-nas\\\/\",\"name\":\"O n\u00e1s &#8226; HS Izol\",\"isPartOf\":{\"@id\":\"https:\\\/\\\/www.hsizol.sk\\\/#website\"},\"primaryImageOfPage\":{\"@id\":\"https:\\\/\\\/www.hsizol.sk\\\/o-nas\\\/#primaryimage\"},\"image\":{\"@id\":\"https:\\\/\\\/www.hsizol.sk\\\/o-nas\\\/#primaryimage\"},\"thumbnailUrl\":\"https:\\\/\\\/www.hsizol.sk\\\/wp-content\\\/uploads\\\/2023\\\/01\\\/obrazok_2023-01-07_000103857-e1673046119980-1024x888.png\",\"datePublished\":\"2019-09-08T03:52:40+00:00\",\"dateModified\":\"2024-02-04T22:51:53+00:00\",\"breadcrumb\":{\"@id\":\"https:\\\/\\\/www.hsizol.sk\\\/o-nas\\\/#breadcrumb\"},\"inLanguage\":\"de\",\"potentialAction\":[{\"@type\":\"ReadAction\",\"target\":[\"https:\\\/\\\/www.hsizol.sk\\\/o-nas\\\/\"]}]},{\"@type\":\"ImageObject\",\"inLanguage\":\"de\",\"@id\":\"https:\\\/\\\/www.hsizol.sk\\\/o-nas\\\/#primaryimage\",\"url\":\"https:\\\/\\\/www.hsizol.sk\\\/wp-content\\\/uploads\\\/2023\\\/01\\\/obrazok_2023-01-07_000103857-e1673046119980-1024x888.png\",\"contentUrl\":\"https:\\\/\\\/www.hsizol.sk\\\/wp-content\\\/uploads\\\/2023\\\/01\\\/obrazok_2023-01-07_000103857-e1673046119980-1024x888.png\"},{\"@type\":\"BreadcrumbList\",\"@id\":\"https:\\\/\\\/www.hsizol.sk\\\/o-nas\\\/#breadcrumb\",\"itemListElement\":[{\"@type\":\"ListItem\",\"position\":1,\"name\":\"Home\",\"item\":\"https:\\\/\\\/www.hsizol.sk\\\/\"},{\"@type\":\"ListItem\",\"position\":2,\"name\":\"O n\u00e1s\"}]},{\"@type\":\"WebSite\",\"@id\":\"https:\\\/\\\/www.hsizol.sk\\\/#website\",\"url\":\"https:\\\/\\\/www.hsizol.sk\\\/\",\"name\":\"HS Izol\",\"description\":\"Klampiarske a izola\u010dn\u00e9 pr\u00e1ce\",\"publisher\":{\"@id\":\"https:\\\/\\\/www.hsizol.sk\\\/#organization\"},\"potentialAction\":[{\"@type\":\"SearchAction\",\"target\":{\"@type\":\"EntryPoint\",\"urlTemplate\":\"https:\\\/\\\/www.hsizol.sk\\\/?s={search_term_string}\"},\"query-input\":{\"@type\":\"PropertyValueSpecification\",\"valueRequired\":true,\"valueName\":\"search_term_string\"}}],\"inLanguage\":\"de\"},{\"@type\":\"Organization\",\"@id\":\"https:\\\/\\\/www.hsizol.sk\\\/#organization\",\"name\":\"HS Izol s.r.o.\",\"url\":\"https:\\\/\\\/www.hsizol.sk\\\/\",\"logo\":{\"@type\":\"ImageObject\",\"inLanguage\":\"de\",\"@id\":\"https:\\\/\\\/www.hsizol.sk\\\/#\\\/schema\\\/logo\\\/image\\\/\",\"url\":\"https:\\\/\\\/www.hsizol.sk\\\/wp-content\\\/uploads\\\/2023\\\/01\\\/obrazok_2023-01-06_225704967.png\",\"contentUrl\":\"https:\\\/\\\/www.hsizol.sk\\\/wp-content\\\/uploads\\\/2023\\\/01\\\/obrazok_2023-01-06_225704967.png\",\"width\":289,\"height\":69,\"caption\":\"HS Izol s.r.o.\"},\"image\":{\"@id\":\"https:\\\/\\\/www.hsizol.sk\\\/#\\\/schema\\\/logo\\\/image\\\/\"}}]}<\/script>\n<!-- \/ Yoast SEO Premium plugin. -->","yoast_head_json":{"title":"O n\u00e1s &#8226; HS Izol","robots":{"index":"index","follow":"follow","max-snippet":"max-snippet:-1","max-image-preview":"max-image-preview:large","max-video-preview":"max-video-preview:-1"},"canonical":"https:\/\/www.hsizol.sk\/de\/o-nas\/","og_locale":"de_DE","og_type":"article","og_title":"O n\u00e1s","og_description":"O N\u00c1S Hlavnou \u010dinnos\u0165ou spolo\u010dnosti HS Izol s.r.o. s\u00fa tepeln\u00e9 a chladov\u00e9 izol\u00e1cie technologick\u00fdch zariaden\u00ed a stavieb. Najv\u00e4\u010d\u0161\u00ed d\u00f4raz kladieme na kvalitu vykon\u00e1van\u00fdch pr\u00e1c, spokojnos\u0165 na\u0161ich z\u00e1kazn\u00edkov a dodr\u017eiavanie term\u00ednov. Ak\u00e9 pr\u00e1ce vykon\u00e1vame? Spoznajte na\u0161u spolo\u010dnos\u0165 bli\u017e\u0161ie. Zobrazi\u0165 PONUKU SLU\u017eIEB","og_url":"https:\/\/www.hsizol.sk\/de\/o-nas\/","og_site_name":"HS Izol","article_modified_time":"2024-02-04T22:51:53+00:00","og_image":[{"url":"https:\/\/www.hsizol.sk\/wp-content\/uploads\/2023\/01\/obrazok_2023-01-07_000103857-e1673046119980-1024x888.png","type":"","width":"","height":""}],"twitter_card":"summary_large_image","twitter_misc":{"Gesch\u00e4tzte Lesezeit":"1\u00a0Minute"},"schema":{"@context":"https:\/\/schema.org","@graph":[{"@type":"WebPage","@id":"https:\/\/www.hsizol.sk\/o-nas\/","url":"https:\/\/www.hsizol.sk\/o-nas\/","name":"O n\u00e1s &#8226; HS Izol","isPartOf":{"@id":"https:\/\/www.hsizol.sk\/#website"},"primaryImageOfPage":{"@id":"https:\/\/www.hsizol.sk\/o-nas\/#primaryimage"},"image":{"@id":"https:\/\/www.hsizol.sk\/o-nas\/#primaryimage"},"thumbnailUrl":"https:\/\/www.hsizol.sk\/wp-content\/uploads\/2023\/01\/obrazok_2023-01-07_000103857-e1673046119980-1024x888.png","datePublished":"2019-09-08T03:52:40+00:00","dateModified":"2024-02-04T22:51:53+00:00","breadcrumb":{"@id":"https:\/\/www.hsizol.sk\/o-nas\/#breadcrumb"},"inLanguage":"de","potentialAction":[{"@type":"ReadAction","target":["https:\/\/www.hsizol.sk\/o-nas\/"]}]},{"@type":"ImageObject","inLanguage":"de","@id":"https:\/\/www.hsizol.sk\/o-nas\/#primaryimage","url":"https:\/\/www.hsizol.sk\/wp-content\/uploads\/2023\/01\/obrazok_2023-01-07_000103857-e1673046119980-1024x888.png","contentUrl":"https:\/\/www.hsizol.sk\/wp-content\/uploads\/2023\/01\/obrazok_2023-01-07_000103857-e1673046119980-1024x888.png"},{"@type":"BreadcrumbList","@id":"https:\/\/www.hsizol.sk\/o-nas\/#breadcrumb","itemListElement":[{"@type":"ListItem","position":1,"name":"Home","item":"https:\/\/www.hsizol.sk\/"},{"@type":"ListItem","position":2,"name":"O n\u00e1s"}]},{"@type":"WebSite","@id":"https:\/\/www.hsizol.sk\/#website","url":"https:\/\/www.hsizol.sk\/","name":"HS Izol","description":"Klampiarske a izola\u010dn\u00e9 pr\u00e1ce","publisher":{"@id":"https:\/\/www.hsizol.sk\/#organization"},"potentialAction":[{"@type":"SearchAction","target":{"@type":"EntryPoint","urlTemplate":"https:\/\/www.hsizol.sk\/?s={search_term_string}"},"query-input":{"@type":"PropertyValueSpecification","valueRequired":true,"valueName":"search_term_string"}}],"inLanguage":"de"},{"@type":"Organization","@id":"https:\/\/www.hsizol.sk\/#organization","name":"HS Izol s.r.o.","url":"https:\/\/www.hsizol.sk\/","logo":{"@type":"ImageObject","inLanguage":"de","@id":"https:\/\/www.hsizol.sk\/#\/schema\/logo\/image\/","url":"https:\/\/www.hsizol.sk\/wp-content\/uploads\/2023\/01\/obrazok_2023-01-06_225704967.png","contentUrl":"https:\/\/www.hsizol.sk\/wp-content\/uploads\/2023\/01\/obrazok_2023-01-06_225704967.png","width":289,"height":69,"caption":"HS Izol s.r.o."},"image":{"@id":"https:\/\/www.hsizol.sk\/#\/schema\/logo\/image\/"}}]}},"_links":{"self":[{"href":"https:\/\/www.hsizol.sk\/de\/wp-json\/wp\/v2\/pages\/2180","targetHints":{"allow":["GET"]}}],"collection":[{"href":"https:\/\/www.hsizol.sk\/de\/wp-json\/wp\/v2\/pages"}],"about":[{"href":"https:\/\/www.hsizol.sk\/de\/wp-json\/wp\/v2\/types\/page"}],"author":[{"embeddable":true,"href":"https:\/\/www.hsizol.sk\/de\/wp-json\/wp\/v2\/users\/1"}],"replies":[{"embeddable":true,"href":"https:\/\/www.hsizol.sk\/de\/wp-json\/wp\/v2\/comments?post=2180"}],"version-history":[{"count":24,"href":"https:\/\/www.hsizol.sk\/de\/wp-json\/wp\/v2\/pages\/2180\/revisions"}],"predecessor-version":[{"id":7513,"href":"https:\/\/www.hsizol.sk\/de\/wp-json\/wp\/v2\/pages\/2180\/revisions\/7513"}],"wp:attachment":[{"href":"https:\/\/www.hsizol.sk\/de\/wp-json\/wp\/v2\/media?parent=2180"}],"curies":[{"name":"wp","href":"https:\/\/api.w.org\/{rel}","templated":true}]}}