{"id":2273,"date":"2019-09-08T09:58:45","date_gmt":"2019-09-08T07:58:45","guid":{"rendered":"http:\/\/demo.themewinter.com\/wp\/instive\/?page_id=2273"},"modified":"2024-02-04T23:54:54","modified_gmt":"2024-02-04T22:54:54","slug":"ponuka-sluzieb","status":"publish","type":"page","link":"https:\/\/www.hsizol.sk\/de\/ponuka-sluzieb\/","title":{"rendered":"Ponuka slu\u017eieb"},"content":{"rendered":"<div data-elementor-type=\"wp-post\" data-elementor-id=\"2273\" class=\"elementor elementor-2273\" data-elementor-post-type=\"page\">\n\t\t\t\t<div class=\"elementor-element elementor-element-eb19b8b mobile-left animated-slow e-con-full e-flex elementor-invisible e-con e-parent\" data-id=\"eb19b8b\" data-element_type=\"container\" data-e-type=\"container\" data-settings=\"{&quot;animation&quot;:&quot;zoomInUp&quot;,&quot;animation_delay&quot;:500}\">\n\t\t<div class=\"elementor-element elementor-element-cb2e40b e-con-full e-flex e-con e-child\" data-id=\"cb2e40b\" data-element_type=\"container\" data-e-type=\"container\">\n\t\t\t\t<div class=\"elementor-element elementor-element-1d4e6e7 elementor-widget elementor-widget-heading\" data-id=\"1d4e6e7\" data-element_type=\"widget\" data-e-type=\"widget\" data-widget_type=\"heading.default\">\n\t\t\t\t<div class=\"elementor-widget-container\">\n\t\t\t\t\t<h2 class=\"elementor-heading-title elementor-size-default\">NA\u0160A<br>\nPONUKA SLU\u017dIEB<\/h2>\t\t\t\t<\/div>\n\t\t\t\t<\/div>\n\t\t\t\t<\/div>\n\t\t<div class=\"elementor-element elementor-element-8e74a8b e-con-full e-flex e-con e-child\" data-id=\"8e74a8b\" data-element_type=\"container\" data-e-type=\"container\">\n\t\t\t\t<div class=\"elementor-element elementor-element-a953ec7 elementor-widget elementor-widget-text-editor\" data-id=\"a953ec7\" data-element_type=\"widget\" data-e-type=\"widget\" data-widget_type=\"text-editor.default\">\n\t\t\t\t<div class=\"elementor-widget-container\">\n\t\t\t\t\t\t\t\t\t<p>Na\u0161a spolo\u010dnos\u0165 pon\u00faka nasleduj\u00face slu\u017eby:<\/p>\t\t\t\t\t\t\t\t<\/div>\n\t\t\t\t<\/div>\n\t\t\t\t<\/div>\n\t\t\t\t<\/div>\n\t\t<div class=\"elementor-element elementor-element-18d0d1b e-flex e-con-boxed elementor-invisible e-con e-parent\" data-id=\"18d0d1b\" data-element_type=\"container\" data-e-type=\"container\" data-settings=\"{&quot;animation&quot;:&quot;fadeInUp&quot;,&quot;animation_delay&quot;:500}\">\n\t\t\t\t\t<div class=\"e-con-inner\">\n\t\t<div class=\"elementor-element elementor-element-4c125b2 e-con-full e-flex e-con e-child\" data-id=\"4c125b2\" data-element_type=\"container\" data-e-type=\"container\">\n\t\t<div class=\"elementor-element elementor-element-946b1d8 e-flex e-con-boxed e-con e-child\" data-id=\"946b1d8\" data-element_type=\"container\" data-e-type=\"container\">\n\t\t\t\t\t<div class=\"e-con-inner\">\n\t\t\t\t<div class=\"elementor-element elementor-element-f0937a5 elementor-widget elementor-widget-heading\" data-id=\"f0937a5\" data-element_type=\"widget\" data-e-type=\"widget\" data-widget_type=\"heading.default\">\n\t\t\t\t<div class=\"elementor-widget-container\">\n\t\t\t\t\t<h2 class=\"elementor-heading-title elementor-size-default\">TEPELN\u00c9 A CHLADOV\u00c9 IZOL\u00c1CIE TECHNOLOGICK\u00ddCH ZARIADEN\u00cd<\/h2>\t\t\t\t<\/div>\n\t\t\t\t<\/div>\n\t\t\t\t\t<\/div>\n\t\t\t\t<\/div>\n\t\t<div class=\"elementor-element elementor-element-dc98b37 e-flex e-con-boxed e-con e-child\" data-id=\"dc98b37\" data-element_type=\"container\" data-e-type=\"container\">\n\t\t\t\t\t<div class=\"e-con-inner\">\n\t\t\t\t<div class=\"elementor-element elementor-element-eee4fb8 elementor-widget elementor-widget-heading\" data-id=\"eee4fb8\" data-element_type=\"widget\" data-e-type=\"widget\" data-widget_type=\"heading.default\">\n\t\t\t\t<div class=\"elementor-widget-container\">\n\t\t\t\t\t<h2 class=\"elementor-heading-title elementor-size-default\">KLAMPIARSKE A IZOLA\u010cN\u00c9 PR\u00c1CE<\/h2>\t\t\t\t<\/div>\n\t\t\t\t<\/div>\n\t\t\t\t\t<\/div>\n\t\t\t\t<\/div>\n\t\t\t\t<\/div>\n\t\t<div class=\"elementor-element elementor-element-588bb0d e-con-full e-flex e-con e-child\" data-id=\"588bb0d\" data-element_type=\"container\" data-e-type=\"container\">\n\t\t<div class=\"elementor-element elementor-element-69263fb e-flex e-con-boxed e-con e-child\" data-id=\"69263fb\" data-element_type=\"container\" data-e-type=\"container\">\n\t\t\t\t\t<div class=\"e-con-inner\">\n\t\t\t\t<div class=\"elementor-element elementor-element-9377374 elementor-widget elementor-widget-heading\" data-id=\"9377374\" data-element_type=\"widget\" data-e-type=\"widget\" data-widget_type=\"heading.default\">\n\t\t\t\t<div class=\"elementor-widget-container\">\n\t\t\t\t\t<h2 class=\"elementor-heading-title elementor-size-default\">STRE\u0160N\u00c9, STAVEBN\u00c9 A PRIEMYSELN\u00c9 KLAMPIARSKE PR\u00c1CE<\/h2>\t\t\t\t<\/div>\n\t\t\t\t<\/div>\n\t\t\t\t\t<\/div>\n\t\t\t\t<\/div>\n\t\t<div class=\"elementor-element elementor-element-0b0ee1e e-flex e-con-boxed e-con e-child\" data-id=\"0b0ee1e\" data-element_type=\"container\" data-e-type=\"container\">\n\t\t\t\t\t<div class=\"e-con-inner\">\n\t\t\t\t<div class=\"elementor-element elementor-element-9199541 elementor-widget elementor-widget-heading\" data-id=\"9199541\" data-element_type=\"widget\" data-e-type=\"widget\" data-widget_type=\"heading.default\">\n\t\t\t\t<div class=\"elementor-widget-container\">\n\t\t\t\t\t<h2 class=\"elementor-heading-title elementor-size-default\">OPLACHOVANIE POTRUBIA, N\u00c1DR\u017d\u00cd A ELEKTROMAGNETICK\u00ddCH FILTROV<\/h2>\t\t\t\t<\/div>\n\t\t\t\t<\/div>\n\t\t\t\t\t<\/div>\n\t\t\t\t<\/div>\n\t\t\t\t<\/div>\n\t\t\t\t\t<\/div>\n\t\t\t\t<\/div>\n\t\t<div class=\"elementor-element elementor-element-fec5310 e-flex e-con-boxed e-con e-parent\" data-id=\"fec5310\" data-element_type=\"container\" data-e-type=\"container\" data-settings=\"{&quot;background_background&quot;:&quot;classic&quot;}\">\n\t\t\t\t\t<div class=\"e-con-inner\">\n\t\t<div class=\"elementor-element elementor-element-6ff4efa e-con-full e-flex e-con e-child\" data-id=\"6ff4efa\" data-element_type=\"container\" data-e-type=\"container\">\n\t\t\t\t<div class=\"elementor-element elementor-element-05863b2 elementor-widget elementor-widget-heading\" data-id=\"05863b2\" data-element_type=\"widget\" data-e-type=\"widget\" data-widget_type=\"heading.default\">\n\t\t\t\t<div class=\"elementor-widget-container\">\n\t\t\t\t\t<h4 class=\"elementor-heading-title elementor-size-default\">Gal\u00e9ria<\/h4>\t\t\t\t<\/div>\n\t\t\t\t<\/div>\n\t\t\t\t<div class=\"elementor-element elementor-element-127ff0f elementor-widget elementor-widget-heading\" data-id=\"127ff0f\" data-element_type=\"widget\" data-e-type=\"widget\" data-widget_type=\"heading.default\">\n\t\t\t\t<div class=\"elementor-widget-container\">\n\t\t\t\t\t<h2 class=\"elementor-heading-title elementor-size-default\">Vykonan\u00e9 z\u00e1kazky<\/h2>\t\t\t\t<\/div>\n\t\t\t\t<\/div>\n\t\t\t\t<div class=\"elementor-element elementor-element-0e1b0a3 elementor-widget elementor-widget-text-editor\" data-id=\"0e1b0a3\" data-element_type=\"widget\" data-e-type=\"widget\" data-widget_type=\"text-editor.default\">\n\t\t\t\t<div class=\"elementor-widget-container\">\n\t\t\t\t\t\t\t\t\t<p>Na\u0161a spolo\u010dnos\u0165 m\u00e1 za sebou mno\u017estvo \u00faspe\u0161n\u00fdch z\u00e1kaziek a spokojn\u00fdch z\u00e1kazn\u00edkov.<\/p>\t\t\t\t\t\t\t\t<\/div>\n\t\t\t\t<\/div>\n\t\t\t\t<div class=\"elementor-element elementor-element-28e9726 elementor-align-left elementor-widget elementor-widget-button\" data-id=\"28e9726\" data-element_type=\"widget\" data-e-type=\"widget\" data-widget_type=\"button.default\">\n\t\t\t\t<div class=\"elementor-widget-container\">\n\t\t\t\t\t\t\t\t\t<div class=\"elementor-button-wrapper\">\n\t\t\t\t\t<a class=\"elementor-button elementor-button-link elementor-size-sm\" href=\"\/de\/portfolio\/\">\n\t\t\t\t\t\t<span class=\"elementor-button-content-wrapper\">\n\t\t\t\t\t\t<span class=\"elementor-button-icon\">\n\t\t\t\t<i aria-hidden=\"true\" class=\"fas fa-arrow-right\"><\/i>\t\t\t<\/span>\n\t\t\t\t\t\t\t\t\t<span class=\"elementor-button-text\">Zobrazi\u0165 portf\u00f3lio<\/span>\n\t\t\t\t\t<\/span>\n\t\t\t\t\t<\/a>\n\t\t\t\t<\/div>\n\t\t\t\t\t\t\t\t<\/div>\n\t\t\t\t<\/div>\n\t\t\t\t<\/div>\n\t\t<div class=\"elementor-element elementor-element-c1f4020 e-con-full e-flex e-con e-child\" data-id=\"c1f4020\" data-element_type=\"container\" data-e-type=\"container\">\n\t\t\t\t<div class=\"elementor-element elementor-element-3c06702 elementor-widget elementor-widget-image\" data-id=\"3c06702\" data-element_type=\"widget\" data-e-type=\"widget\" data-widget_type=\"image.default\">\n\t\t\t\t<div class=\"elementor-widget-container\">\n\t\t\t\t\t\t\t\t\t\t\t\t\t\t\t<img fetchpriority=\"high\" decoding=\"async\" width=\"800\" height=\"491\" src=\"https:\/\/www.hsizol.sk\/wp-content\/uploads\/2023\/01\/HS-Izol.sk-izolacie-21-1.jpg\" class=\"attachment-large size-large wp-image-7005\" alt=\"\" srcset=\"https:\/\/www.hsizol.sk\/wp-content\/uploads\/2023\/01\/HS-Izol.sk-izolacie-21-1.jpg 800w, https:\/\/www.hsizol.sk\/wp-content\/uploads\/2023\/01\/HS-Izol.sk-izolacie-21-1-300x184.jpg 300w, https:\/\/www.hsizol.sk\/wp-content\/uploads\/2023\/01\/HS-Izol.sk-izolacie-21-1-768x471.jpg 768w\" sizes=\"(max-width: 800px) 100vw, 800px\" \/>\t\t\t\t\t\t\t\t\t\t\t\t\t\t\t<\/div>\n\t\t\t\t<\/div>\n\t\t<div class=\"elementor-element elementor-element-0ad983e e-con-full e-flex e-con e-child\" data-id=\"0ad983e\" data-element_type=\"container\" data-e-type=\"container\">\n\t\t<div class=\"elementor-element elementor-element-659fd8a e-con-full e-flex e-con e-child\" data-id=\"659fd8a\" data-element_type=\"container\" data-e-type=\"container\">\n\t\t\t\t<div class=\"elementor-element elementor-element-5116147 elementor-widget elementor-widget-image\" data-id=\"5116147\" data-element_type=\"widget\" data-e-type=\"widget\" data-widget_type=\"image.default\">\n\t\t\t\t<div class=\"elementor-widget-container\">\n\t\t\t\t\t\t\t\t\t\t\t\t\t\t\t<img decoding=\"async\" width=\"800\" height=\"600\" src=\"https:\/\/www.hsizol.sk\/wp-content\/uploads\/2023\/01\/HS-Izol.sk-izolacie-16.jpg\" class=\"attachment-full size-full wp-image-7004\" alt=\"\" srcset=\"https:\/\/www.hsizol.sk\/wp-content\/uploads\/2023\/01\/HS-Izol.sk-izolacie-16.jpg 800w, https:\/\/www.hsizol.sk\/wp-content\/uploads\/2023\/01\/HS-Izol.sk-izolacie-16-300x225.jpg 300w, https:\/\/www.hsizol.sk\/wp-content\/uploads\/2023\/01\/HS-Izol.sk-izolacie-16-768x576.jpg 768w\" sizes=\"(max-width: 800px) 100vw, 800px\" \/>\t\t\t\t\t\t\t\t\t\t\t\t\t\t\t<\/div>\n\t\t\t\t<\/div>\n\t\t\t\t<\/div>\n\t\t<div class=\"elementor-element elementor-element-25bffe2 e-con-full e-flex e-con e-child\" data-id=\"25bffe2\" data-element_type=\"container\" data-e-type=\"container\">\n\t\t\t\t<div class=\"elementor-element elementor-element-ed237f3 elementor-widget elementor-widget-image\" data-id=\"ed237f3\" data-element_type=\"widget\" data-e-type=\"widget\" data-widget_type=\"image.default\">\n\t\t\t\t<div class=\"elementor-widget-container\">\n\t\t\t\t\t\t\t\t\t\t\t\t\t\t\t<img decoding=\"async\" width=\"603\" height=\"450\" src=\"https:\/\/www.hsizol.sk\/wp-content\/uploads\/2023\/01\/HS-Izol.sk-izolacie-12.jpg\" class=\"attachment-large size-large wp-image-7006\" alt=\"\" srcset=\"https:\/\/www.hsizol.sk\/wp-content\/uploads\/2023\/01\/HS-Izol.sk-izolacie-12.jpg 603w, https:\/\/www.hsizol.sk\/wp-content\/uploads\/2023\/01\/HS-Izol.sk-izolacie-12-300x224.jpg 300w\" sizes=\"(max-width: 603px) 100vw, 603px\" \/>\t\t\t\t\t\t\t\t\t\t\t\t\t\t\t<\/div>\n\t\t\t\t<\/div>\n\t\t\t\t<\/div>\n\t\t\t\t<\/div>\n\t\t\t\t<\/div>\n\t\t\t\t\t<\/div>\n\t\t\t\t<\/div>\n\t\t\t\t<\/div>","protected":false},"excerpt":{"rendered":"<p>NA\u0160A PONUKA SLU\u017dIEB Na\u0161a spolo\u010dnos\u0165 pon\u00faka nasleduj\u00face slu\u017eby: TEPELN\u00c9 A CHLADOV\u00c9 IZOL\u00c1CIE TECHNOLOGICK\u00ddCH ZARIADEN\u00cd KLAMPIARSKE A IZOLA\u010cN\u00c9 PR\u00c1CE STRE\u0160N\u00c9, STAVEBN\u00c9 A PRIEMYSELN\u00c9 KLAMPIARSKE PR\u00c1CE OPLACHOVANIE POTRUBIA, N\u00c1DR\u017d\u00cd A ELEKTROMAGNETICK\u00ddCH FILTROV Gal\u00e9ria Vykonan\u00e9 z\u00e1kazky Na\u0161a spolo\u010dnos\u0165 m\u00e1 za sebou mno\u017estvo \u00faspe\u0161n\u00fdch z\u00e1kaziek a spokojn\u00fdch z\u00e1kazn\u00edkov. Zobrazi\u0165 portf\u00f3lio<\/p>","protected":false},"author":1,"featured_media":0,"parent":0,"menu_order":0,"comment_status":"closed","ping_status":"closed","template":"template\/full-width-template.php","meta":{"footnotes":""},"class_list":["post-2273","page","type-page","status-publish","hentry"],"yoast_head":"<!-- This site is optimized with the Yoast SEO Premium plugin v18.8 (Yoast SEO v27.4) - https:\/\/yoast.com\/product\/yoast-seo-premium-wordpress\/ -->\n<title>Ponuka slu\u017eieb &#8226; HS Izol<\/title>\n<meta name=\"robots\" content=\"index, follow, max-snippet:-1, max-image-preview:large, max-video-preview:-1\" \/>\n<link rel=\"canonical\" href=\"https:\/\/www.hsizol.sk\/de\/ponuka-sluzieb\/\" \/>\n<meta property=\"og:locale\" content=\"de_DE\" \/>\n<meta property=\"og:type\" content=\"article\" \/>\n<meta property=\"og:title\" content=\"Ponuka slu\u017eieb\" \/>\n<meta property=\"og:description\" content=\"NA\u0160A PONUKA SLU\u017dIEB Na\u0161a spolo\u010dnos\u0165 pon\u00faka nasleduj\u00face slu\u017eby: TEPELN\u00c9 A CHLADOV\u00c9 IZOL\u00c1CIE TECHNOLOGICK\u00ddCH ZARIADEN\u00cd KLAMPIARSKE A IZOLA\u010cN\u00c9 PR\u00c1CE STRE\u0160N\u00c9, STAVEBN\u00c9 A PRIEMYSELN\u00c9 KLAMPIARSKE PR\u00c1CE OPLACHOVANIE POTRUBIA, N\u00c1DR\u017d\u00cd A ELEKTROMAGNETICK\u00ddCH FILTROV Gal\u00e9ria Vykonan\u00e9 z\u00e1kazky Na\u0161a spolo\u010dnos\u0165 m\u00e1 za sebou mno\u017estvo \u00faspe\u0161n\u00fdch z\u00e1kaziek a spokojn\u00fdch z\u00e1kazn\u00edkov. Zobrazi\u0165 portf\u00f3lio\" \/>\n<meta property=\"og:url\" content=\"https:\/\/www.hsizol.sk\/de\/ponuka-sluzieb\/\" \/>\n<meta property=\"og:site_name\" content=\"HS Izol\" \/>\n<meta property=\"article:modified_time\" content=\"2024-02-04T22:54:54+00:00\" \/>\n<meta property=\"og:image\" content=\"https:\/\/www.hsizol.sk\/wp-content\/uploads\/2023\/01\/HS-Izol.sk-izolacie-21-1.jpg\" \/>\n<meta name=\"twitter:card\" content=\"summary_large_image\" \/>\n<meta name=\"twitter:label1\" content=\"Gesch\u00e4tzte Lesezeit\" \/>\n\t<meta name=\"twitter:data1\" content=\"1\u00a0Minute\" \/>\n<script type=\"application\/ld+json\" class=\"yoast-schema-graph\">{\"@context\":\"https:\\\/\\\/schema.org\",\"@graph\":[{\"@type\":\"WebPage\",\"@id\":\"https:\\\/\\\/www.hsizol.sk\\\/ponuka-sluzieb\\\/\",\"url\":\"https:\\\/\\\/www.hsizol.sk\\\/ponuka-sluzieb\\\/\",\"name\":\"Ponuka slu\u017eieb &#8226; HS Izol\",\"isPartOf\":{\"@id\":\"https:\\\/\\\/www.hsizol.sk\\\/#website\"},\"primaryImageOfPage\":{\"@id\":\"https:\\\/\\\/www.hsizol.sk\\\/ponuka-sluzieb\\\/#primaryimage\"},\"image\":{\"@id\":\"https:\\\/\\\/www.hsizol.sk\\\/ponuka-sluzieb\\\/#primaryimage\"},\"thumbnailUrl\":\"https:\\\/\\\/www.hsizol.sk\\\/wp-content\\\/uploads\\\/2023\\\/01\\\/HS-Izol.sk-izolacie-21-1.jpg\",\"datePublished\":\"2019-09-08T07:58:45+00:00\",\"dateModified\":\"2024-02-04T22:54:54+00:00\",\"breadcrumb\":{\"@id\":\"https:\\\/\\\/www.hsizol.sk\\\/ponuka-sluzieb\\\/#breadcrumb\"},\"inLanguage\":\"de\",\"potentialAction\":[{\"@type\":\"ReadAction\",\"target\":[\"https:\\\/\\\/www.hsizol.sk\\\/ponuka-sluzieb\\\/\"]}]},{\"@type\":\"ImageObject\",\"inLanguage\":\"de\",\"@id\":\"https:\\\/\\\/www.hsizol.sk\\\/ponuka-sluzieb\\\/#primaryimage\",\"url\":\"https:\\\/\\\/www.hsizol.sk\\\/wp-content\\\/uploads\\\/2023\\\/01\\\/HS-Izol.sk-izolacie-21-1.jpg\",\"contentUrl\":\"https:\\\/\\\/www.hsizol.sk\\\/wp-content\\\/uploads\\\/2023\\\/01\\\/HS-Izol.sk-izolacie-21-1.jpg\"},{\"@type\":\"BreadcrumbList\",\"@id\":\"https:\\\/\\\/www.hsizol.sk\\\/ponuka-sluzieb\\\/#breadcrumb\",\"itemListElement\":[{\"@type\":\"ListItem\",\"position\":1,\"name\":\"Home\",\"item\":\"https:\\\/\\\/www.hsizol.sk\\\/\"},{\"@type\":\"ListItem\",\"position\":2,\"name\":\"Ponuka slu\u017eieb\"}]},{\"@type\":\"WebSite\",\"@id\":\"https:\\\/\\\/www.hsizol.sk\\\/#website\",\"url\":\"https:\\\/\\\/www.hsizol.sk\\\/\",\"name\":\"HS Izol\",\"description\":\"Klampiarske a izola\u010dn\u00e9 pr\u00e1ce\",\"publisher\":{\"@id\":\"https:\\\/\\\/www.hsizol.sk\\\/#organization\"},\"potentialAction\":[{\"@type\":\"SearchAction\",\"target\":{\"@type\":\"EntryPoint\",\"urlTemplate\":\"https:\\\/\\\/www.hsizol.sk\\\/?s={search_term_string}\"},\"query-input\":{\"@type\":\"PropertyValueSpecification\",\"valueRequired\":true,\"valueName\":\"search_term_string\"}}],\"inLanguage\":\"de\"},{\"@type\":\"Organization\",\"@id\":\"https:\\\/\\\/www.hsizol.sk\\\/#organization\",\"name\":\"HS Izol s.r.o.\",\"url\":\"https:\\\/\\\/www.hsizol.sk\\\/\",\"logo\":{\"@type\":\"ImageObject\",\"inLanguage\":\"de\",\"@id\":\"https:\\\/\\\/www.hsizol.sk\\\/#\\\/schema\\\/logo\\\/image\\\/\",\"url\":\"https:\\\/\\\/www.hsizol.sk\\\/wp-content\\\/uploads\\\/2023\\\/01\\\/obrazok_2023-01-06_225704967.png\",\"contentUrl\":\"https:\\\/\\\/www.hsizol.sk\\\/wp-content\\\/uploads\\\/2023\\\/01\\\/obrazok_2023-01-06_225704967.png\",\"width\":289,\"height\":69,\"caption\":\"HS Izol s.r.o.\"},\"image\":{\"@id\":\"https:\\\/\\\/www.hsizol.sk\\\/#\\\/schema\\\/logo\\\/image\\\/\"}}]}<\/script>\n<!-- \/ Yoast SEO Premium plugin. -->","yoast_head_json":{"title":"Ponuka slu\u017eieb &#8226; HS Izol","robots":{"index":"index","follow":"follow","max-snippet":"max-snippet:-1","max-image-preview":"max-image-preview:large","max-video-preview":"max-video-preview:-1"},"canonical":"https:\/\/www.hsizol.sk\/de\/ponuka-sluzieb\/","og_locale":"de_DE","og_type":"article","og_title":"Ponuka slu\u017eieb","og_description":"NA\u0160A PONUKA SLU\u017dIEB Na\u0161a spolo\u010dnos\u0165 pon\u00faka nasleduj\u00face slu\u017eby: TEPELN\u00c9 A CHLADOV\u00c9 IZOL\u00c1CIE TECHNOLOGICK\u00ddCH ZARIADEN\u00cd KLAMPIARSKE A IZOLA\u010cN\u00c9 PR\u00c1CE STRE\u0160N\u00c9, STAVEBN\u00c9 A PRIEMYSELN\u00c9 KLAMPIARSKE PR\u00c1CE OPLACHOVANIE POTRUBIA, N\u00c1DR\u017d\u00cd A ELEKTROMAGNETICK\u00ddCH FILTROV Gal\u00e9ria Vykonan\u00e9 z\u00e1kazky Na\u0161a spolo\u010dnos\u0165 m\u00e1 za sebou mno\u017estvo \u00faspe\u0161n\u00fdch z\u00e1kaziek a spokojn\u00fdch z\u00e1kazn\u00edkov. Zobrazi\u0165 portf\u00f3lio","og_url":"https:\/\/www.hsizol.sk\/de\/ponuka-sluzieb\/","og_site_name":"HS Izol","article_modified_time":"2024-02-04T22:54:54+00:00","og_image":[{"url":"https:\/\/www.hsizol.sk\/wp-content\/uploads\/2023\/01\/HS-Izol.sk-izolacie-21-1.jpg","type":"","width":"","height":""}],"twitter_card":"summary_large_image","twitter_misc":{"Gesch\u00e4tzte Lesezeit":"1\u00a0Minute"},"schema":{"@context":"https:\/\/schema.org","@graph":[{"@type":"WebPage","@id":"https:\/\/www.hsizol.sk\/ponuka-sluzieb\/","url":"https:\/\/www.hsizol.sk\/ponuka-sluzieb\/","name":"Ponuka slu\u017eieb &#8226; HS Izol","isPartOf":{"@id":"https:\/\/www.hsizol.sk\/#website"},"primaryImageOfPage":{"@id":"https:\/\/www.hsizol.sk\/ponuka-sluzieb\/#primaryimage"},"image":{"@id":"https:\/\/www.hsizol.sk\/ponuka-sluzieb\/#primaryimage"},"thumbnailUrl":"https:\/\/www.hsizol.sk\/wp-content\/uploads\/2023\/01\/HS-Izol.sk-izolacie-21-1.jpg","datePublished":"2019-09-08T07:58:45+00:00","dateModified":"2024-02-04T22:54:54+00:00","breadcrumb":{"@id":"https:\/\/www.hsizol.sk\/ponuka-sluzieb\/#breadcrumb"},"inLanguage":"de","potentialAction":[{"@type":"ReadAction","target":["https:\/\/www.hsizol.sk\/ponuka-sluzieb\/"]}]},{"@type":"ImageObject","inLanguage":"de","@id":"https:\/\/www.hsizol.sk\/ponuka-sluzieb\/#primaryimage","url":"https:\/\/www.hsizol.sk\/wp-content\/uploads\/2023\/01\/HS-Izol.sk-izolacie-21-1.jpg","contentUrl":"https:\/\/www.hsizol.sk\/wp-content\/uploads\/2023\/01\/HS-Izol.sk-izolacie-21-1.jpg"},{"@type":"BreadcrumbList","@id":"https:\/\/www.hsizol.sk\/ponuka-sluzieb\/#breadcrumb","itemListElement":[{"@type":"ListItem","position":1,"name":"Home","item":"https:\/\/www.hsizol.sk\/"},{"@type":"ListItem","position":2,"name":"Ponuka slu\u017eieb"}]},{"@type":"WebSite","@id":"https:\/\/www.hsizol.sk\/#website","url":"https:\/\/www.hsizol.sk\/","name":"HS Izol","description":"Klampiarske a izola\u010dn\u00e9 pr\u00e1ce","publisher":{"@id":"https:\/\/www.hsizol.sk\/#organization"},"potentialAction":[{"@type":"SearchAction","target":{"@type":"EntryPoint","urlTemplate":"https:\/\/www.hsizol.sk\/?s={search_term_string}"},"query-input":{"@type":"PropertyValueSpecification","valueRequired":true,"valueName":"search_term_string"}}],"inLanguage":"de"},{"@type":"Organization","@id":"https:\/\/www.hsizol.sk\/#organization","name":"HS Izol s.r.o.","url":"https:\/\/www.hsizol.sk\/","logo":{"@type":"ImageObject","inLanguage":"de","@id":"https:\/\/www.hsizol.sk\/#\/schema\/logo\/image\/","url":"https:\/\/www.hsizol.sk\/wp-content\/uploads\/2023\/01\/obrazok_2023-01-06_225704967.png","contentUrl":"https:\/\/www.hsizol.sk\/wp-content\/uploads\/2023\/01\/obrazok_2023-01-06_225704967.png","width":289,"height":69,"caption":"HS Izol s.r.o."},"image":{"@id":"https:\/\/www.hsizol.sk\/#\/schema\/logo\/image\/"}}]}},"_links":{"self":[{"href":"https:\/\/www.hsizol.sk\/de\/wp-json\/wp\/v2\/pages\/2273","targetHints":{"allow":["GET"]}}],"collection":[{"href":"https:\/\/www.hsizol.sk\/de\/wp-json\/wp\/v2\/pages"}],"about":[{"href":"https:\/\/www.hsizol.sk\/de\/wp-json\/wp\/v2\/types\/page"}],"author":[{"embeddable":true,"href":"https:\/\/www.hsizol.sk\/de\/wp-json\/wp\/v2\/users\/1"}],"replies":[{"embeddable":true,"href":"https:\/\/www.hsizol.sk\/de\/wp-json\/wp\/v2\/comments?post=2273"}],"version-history":[{"count":15,"href":"https:\/\/www.hsizol.sk\/de\/wp-json\/wp\/v2\/pages\/2273\/revisions"}],"predecessor-version":[{"id":7516,"href":"https:\/\/www.hsizol.sk\/de\/wp-json\/wp\/v2\/pages\/2273\/revisions\/7516"}],"wp:attachment":[{"href":"https:\/\/www.hsizol.sk\/de\/wp-json\/wp\/v2\/media?parent=2273"}],"curies":[{"name":"wp","href":"https:\/\/api.w.org\/{rel}","templated":true}]}}